{"id":100,"date":"2016-06-19T17:04:22","date_gmt":"2016-06-19T17:04:22","guid":{"rendered":"http:\/\/www.peixcasesalcanar.com\/?page_id=100"},"modified":"2020-02-10T08:30:10","modified_gmt":"2020-02-10T08:30:10","slug":"gastronomia","status":"publish","type":"page","link":"https:\/\/www.peixcasesalcanar.com\/es\/gastronomia\/","title":{"rendered":"Gastronom\u00eda"},"content":{"rendered":"En esta secci\u00f3n podr\u00e1s ver muchos de los restaurantes que lucen por las calles de esta bonita poblaci\u00f3n. Tambi\u00e9n podr\u00e0s escuchar de primera mano las visiones de los restauradores, dando vida al producto local en forma de exquisitos platos y recetas. El arroz, el pescado y el marisco toman protagonismo en las cocinas de les Cases d&#8217;Alcanar.<\/p>","protected":false},"excerpt":{"rendered":"<p>En esta secci\u00f3n podr\u00e1s ver muchos de los restaurantes que lucen por las calles de esta bonita poblaci\u00f3n. Tambi\u00e9n podr\u00e0s escuchar de primera mano las visiones de los restauradores, dando vida al producto local en forma de exquisitos platos y recetas. El arroz, el pescado y el marisco toman protagonismo en las cocinas de les&#8230; <\/p>\n<div class=\"link-more\"><a href=\"https:\/\/www.peixcasesalcanar.com\/es\/gastronomia\/\">Lea m\u00e1s<\/a><\/div>\n","protected":false},"author":3,"featured_media":0,"parent":0,"menu_order":0,"comment_status":"closed","ping_status":"closed","template":"","meta":{"_exactmetrics_skip_tracking":false,"_exactmetrics_sitenote_active":false,"_exactmetrics_sitenote_note":"","_exactmetrics_sitenote_category":0,"footnotes":""},"class_list":["post-100","page","type-page","status-publish","hentry"],"yoast_head":"<!-- This site is optimized with the Yoast SEO plugin v24.1 - https:\/\/yoast.com\/wordpress\/plugins\/seo\/ -->\n<title>Gastronom\u00eda - Peixateria les Cases d&#039;Alcanar<\/title>\n<meta name=\"robots\" content=\"index, follow, max-snippet:-1, max-image-preview:large, max-video-preview:-1\" \/>\n<link rel=\"canonical\" href=\"https:\/\/www.peixcasesalcanar.com\/gastronomia\/\" \/>\n<meta property=\"og:locale\" content=\"es_ES\" \/>\n<meta property=\"og:type\" content=\"article\" \/>\n<meta property=\"og:title\" content=\"Gastronom\u00eda - Peixateria les Cases d&#039;Alcanar\" \/>\n<meta property=\"og:description\" content=\"En esta secci\u00f3n podr\u00e1s ver muchos de los restaurantes que lucen por las calles de esta bonita poblaci\u00f3n. Tambi\u00e9n podr\u00e0s escuchar de primera mano las visiones de los restauradores, dando vida al producto local en forma de exquisitos platos y recetas. El arroz, el pescado y el marisco toman protagonismo en las cocinas de les... Lea m\u00e1s\" \/>\n<meta property=\"og:url\" content=\"https:\/\/www.peixcasesalcanar.com\/gastronomia\/\" \/>\n<meta property=\"og:site_name\" content=\"Peixateria les Cases d&#039;Alcanar\" \/>\n<meta property=\"article:modified_time\" content=\"2020-02-10T08:30:10+00:00\" \/>\n<meta name=\"twitter:card\" content=\"summary_large_image\" \/>\n<meta name=\"twitter:label1\" content=\"Tiempo de lectura\" \/>\n\t<meta name=\"twitter:data1\" content=\"1 minuto\" \/>\n<script type=\"application\/ld+json\" class=\"yoast-schema-graph\">{\"@context\":\"https:\/\/schema.org\",\"@graph\":[{\"@type\":\"WebPage\",\"@id\":\"https:\/\/www.peixcasesalcanar.com\/gastronomia\/\",\"url\":\"https:\/\/www.peixcasesalcanar.com\/gastronomia\/\",\"name\":\"Gastronom\u00eda - Peixateria les Cases d&#039;Alcanar\",\"isPartOf\":{\"@id\":\"https:\/\/www.peixcasesalcanar.com\/#website\"},\"datePublished\":\"2016-06-19T17:04:22+00:00\",\"dateModified\":\"2020-02-10T08:30:10+00:00\",\"breadcrumb\":{\"@id\":\"https:\/\/www.peixcasesalcanar.com\/gastronomia\/#breadcrumb\"},\"inLanguage\":\"es\",\"potentialAction\":[{\"@type\":\"ReadAction\",\"target\":[\"https:\/\/www.peixcasesalcanar.com\/gastronomia\/\"]}]},{\"@type\":\"BreadcrumbList\",\"@id\":\"https:\/\/www.peixcasesalcanar.com\/gastronomia\/#breadcrumb\",\"itemListElement\":[{\"@type\":\"ListItem\",\"position\":1,\"name\":\"Inici\",\"item\":\"https:\/\/www.peixcasesalcanar.com\/\"},{\"@type\":\"ListItem\",\"position\":2,\"name\":\"Gastronomia\"}]},{\"@type\":\"WebSite\",\"@id\":\"https:\/\/www.peixcasesalcanar.com\/#website\",\"url\":\"https:\/\/www.peixcasesalcanar.com\/\",\"name\":\"Peixateria Cases d&#039;Alcanar\",\"description\":\"Tradici\u00f3 del sud\",\"publisher\":{\"@id\":\"https:\/\/www.peixcasesalcanar.com\/#organization\"},\"potentialAction\":[{\"@type\":\"SearchAction\",\"target\":{\"@type\":\"EntryPoint\",\"urlTemplate\":\"https:\/\/www.peixcasesalcanar.com\/?s={search_term_string}\"},\"query-input\":{\"@type\":\"PropertyValueSpecification\",\"valueRequired\":true,\"valueName\":\"search_term_string\"}}],\"inLanguage\":\"es\"},{\"@type\":\"Organization\",\"@id\":\"https:\/\/www.peixcasesalcanar.com\/#organization\",\"name\":\"Peixateria Cases d'Alcanar\",\"url\":\"https:\/\/www.peixcasesalcanar.com\/\",\"logo\":{\"@type\":\"ImageObject\",\"inLanguage\":\"es\",\"@id\":\"https:\/\/www.peixcasesalcanar.com\/#\/schema\/logo\/image\/\",\"url\":\"http:\/\/www.peixcasesalcanar.com\/wp-content\/uploads\/2019\/04\/Logo.jpg\",\"contentUrl\":\"http:\/\/www.peixcasesalcanar.com\/wp-content\/uploads\/2019\/04\/Logo.jpg\",\"width\":512,\"height\":512,\"caption\":\"Peixateria Cases d'Alcanar\"},\"image\":{\"@id\":\"https:\/\/www.peixcasesalcanar.com\/#\/schema\/logo\/image\/\"}}]}<\/script>\n<!-- \/ Yoast SEO plugin. -->","yoast_head_json":{"title":"Gastronom\u00eda - Peixateria les Cases d&#039;Alcanar","robots":{"index":"index","follow":"follow","max-snippet":"max-snippet:-1","max-image-preview":"max-image-preview:large","max-video-preview":"max-video-preview:-1"},"canonical":"https:\/\/www.peixcasesalcanar.com\/gastronomia\/","og_locale":"es_ES","og_type":"article","og_title":"Gastronom\u00eda - Peixateria les Cases d&#039;Alcanar","og_description":"En esta secci\u00f3n podr\u00e1s ver muchos de los restaurantes que lucen por las calles de esta bonita poblaci\u00f3n. Tambi\u00e9n podr\u00e0s escuchar de primera mano las visiones de los restauradores, dando vida al producto local en forma de exquisitos platos y recetas. El arroz, el pescado y el marisco toman protagonismo en las cocinas de les... Lea m\u00e1s","og_url":"https:\/\/www.peixcasesalcanar.com\/gastronomia\/","og_site_name":"Peixateria les Cases d&#039;Alcanar","article_modified_time":"2020-02-10T08:30:10+00:00","twitter_card":"summary_large_image","twitter_misc":{"Tiempo de lectura":"1 minuto"},"schema":{"@context":"https:\/\/schema.org","@graph":[{"@type":"WebPage","@id":"https:\/\/www.peixcasesalcanar.com\/gastronomia\/","url":"https:\/\/www.peixcasesalcanar.com\/gastronomia\/","name":"Gastronom\u00eda - Peixateria les Cases d&#039;Alcanar","isPartOf":{"@id":"https:\/\/www.peixcasesalcanar.com\/#website"},"datePublished":"2016-06-19T17:04:22+00:00","dateModified":"2020-02-10T08:30:10+00:00","breadcrumb":{"@id":"https:\/\/www.peixcasesalcanar.com\/gastronomia\/#breadcrumb"},"inLanguage":"es","potentialAction":[{"@type":"ReadAction","target":["https:\/\/www.peixcasesalcanar.com\/gastronomia\/"]}]},{"@type":"BreadcrumbList","@id":"https:\/\/www.peixcasesalcanar.com\/gastronomia\/#breadcrumb","itemListElement":[{"@type":"ListItem","position":1,"name":"Inici","item":"https:\/\/www.peixcasesalcanar.com\/"},{"@type":"ListItem","position":2,"name":"Gastronomia"}]},{"@type":"WebSite","@id":"https:\/\/www.peixcasesalcanar.com\/#website","url":"https:\/\/www.peixcasesalcanar.com\/","name":"Peixateria Cases d&#039;Alcanar","description":"Tradici\u00f3 del sud","publisher":{"@id":"https:\/\/www.peixcasesalcanar.com\/#organization"},"potentialAction":[{"@type":"SearchAction","target":{"@type":"EntryPoint","urlTemplate":"https:\/\/www.peixcasesalcanar.com\/?s={search_term_string}"},"query-input":{"@type":"PropertyValueSpecification","valueRequired":true,"valueName":"search_term_string"}}],"inLanguage":"es"},{"@type":"Organization","@id":"https:\/\/www.peixcasesalcanar.com\/#organization","name":"Peixateria Cases d'Alcanar","url":"https:\/\/www.peixcasesalcanar.com\/","logo":{"@type":"ImageObject","inLanguage":"es","@id":"https:\/\/www.peixcasesalcanar.com\/#\/schema\/logo\/image\/","url":"http:\/\/www.peixcasesalcanar.com\/wp-content\/uploads\/2019\/04\/Logo.jpg","contentUrl":"http:\/\/www.peixcasesalcanar.com\/wp-content\/uploads\/2019\/04\/Logo.jpg","width":512,"height":512,"caption":"Peixateria Cases d'Alcanar"},"image":{"@id":"https:\/\/www.peixcasesalcanar.com\/#\/schema\/logo\/image\/"}}]}},"_links":{"self":[{"href":"https:\/\/www.peixcasesalcanar.com\/es\/wp-json\/wp\/v2\/pages\/100","targetHints":{"allow":["GET"]}}],"collection":[{"href":"https:\/\/www.peixcasesalcanar.com\/es\/wp-json\/wp\/v2\/pages"}],"about":[{"href":"https:\/\/www.peixcasesalcanar.com\/es\/wp-json\/wp\/v2\/types\/page"}],"author":[{"embeddable":true,"href":"https:\/\/www.peixcasesalcanar.com\/es\/wp-json\/wp\/v2\/users\/3"}],"replies":[{"embeddable":true,"href":"https:\/\/www.peixcasesalcanar.com\/es\/wp-json\/wp\/v2\/comments?post=100"}],"version-history":[{"count":14,"href":"https:\/\/www.peixcasesalcanar.com\/es\/wp-json\/wp\/v2\/pages\/100\/revisions"}],"predecessor-version":[{"id":452,"href":"https:\/\/www.peixcasesalcanar.com\/es\/wp-json\/wp\/v2\/pages\/100\/revisions\/452"}],"wp:attachment":[{"href":"https:\/\/www.peixcasesalcanar.com\/es\/wp-json\/wp\/v2\/media?parent=100"}],"curies":[{"name":"wp","href":"https:\/\/api.w.org\/{rel}","templated":true}]}}