{"id":102,"date":"2016-06-19T17:05:16","date_gmt":"2016-06-19T17:05:16","guid":{"rendered":"http:\/\/www.peixcasesalcanar.com\/?page_id=102"},"modified":"2024-12-27T16:14:17","modified_gmt":"2024-12-27T16:14:17","slug":"lo-poble","status":"publish","type":"page","link":"https:\/\/www.peixcasesalcanar.com\/es\/lo-poble\/","title":{"rendered":"El pueblo y el Delta"},"content":{"rendered":"Les Cases de Alcanar, conocidas como \u00abLas Casas\u00bb se emplaza en el litoral canareu, a 4 km de Alcanar.<\/p>\n<p>Les Cases d\u2019Alcanar es una de las villas marineras con m\u00e1s encanto de la Costa del Ebro, su fisonom\u00eda de aut\u00e9ntico pueblo marinero marcada por una fachada mar\u00edtima que conserva las antiguas casas de pescadores, junto con el puerto su puerto deportivo y pesquero, le confieren un encanto especial \u00fanico en las Tierras del Ebro.<\/p>\n<div class=\"su-youtube su-u-responsive-media-yes\"><iframe width=\"600\" height=\"400\" src=\"https:\/\/www.youtube.com\/embed\/W0hPjXRqK1A?\" frameborder=\"0\" allowfullscreen allow=\"autoplay; encrypted-media; picture-in-picture\" title=\"\"><\/iframe><\/div>\n<p>A diferencia del resto de puertos pesqueros catalanes, el de las Casas de Alcanar, se construy\u00f3 con el esfuerzo de los marineros, los cuales tuvieron que hacer frente a los gastos de construcci\u00f3n, ya que no se autoriz\u00f3 la construcci\u00f3n de un nuevo puerto dada la proximidad de otros puertos pesqueros importantes.<\/p>\n<p>EL PAPEL DE LA MUJER<\/p>\n<p>La mujer ha representado una figura clave para el desarrollo del pueblo desde el punto de vista de la familia. Ha contribuido en muchas tareas cruciales para que sus maridos y otros hombres de la famila puedan salir a la mar: desempescant, remendar y vendiendo.<\/p>\n<p>Sin estas tres funciones no ser\u00eda posible que los marineros fuera del alcance de salir a pescar al mar adecuadamente. Adem\u00e1s representan una parte muy visible y entra\u00f1able del tejido social en todos los aspectos cotidianos de la vida de los pescadores.<\/p>\n<div class=\"su-youtube su-u-responsive-media-yes\"><iframe width=\"600\" height=\"400\" src=\"https:\/\/www.youtube.com\/embed\/d3Er013CbdY?\" frameborder=\"0\" allowfullscreen allow=\"autoplay; encrypted-media; picture-in-picture\" title=\"\"><\/iframe><\/div>\n<div class=\"su-youtube su-u-responsive-media-yes\"><iframe width=\"600\" height=\"400\" src=\"https:\/\/www.youtube.com\/embed\/u4YpDaeaawc?\" frameborder=\"0\" allowfullscreen allow=\"autoplay; encrypted-media; picture-in-picture\" title=\"\"><\/iframe><\/div>\n<p>es un pueblo que se mantiene &#8216;virgen&#8217; desde el punto de vista del urbanismo tur\u00edstico. No hay ning\u00fan hotel ni bloques de apartamentos residenciales borde mar, m\u00e1s bien lo contrario, se mantienen los prados de la gente de toda la vida. Alcanar y las Casas de Alcanar: Jard\u00edn junto Mar.<\/p>\n<div class=\"su-youtube su-u-responsive-media-yes\"><iframe width=\"600\" height=\"400\" src=\"https:\/\/www.youtube.com\/embed\/MQLl4tqSCNc?\" frameborder=\"0\" allowfullscreen allow=\"autoplay; encrypted-media; picture-in-picture\" title=\"\"><\/iframe><\/div>\n<p>LO DELTA<\/p>\n<p><span style=\"font-size: 1.8rem; line-height: 1.75;\"><strong>PARLO D&#8217;UN RIU M\u00cdTIC I REMOR\u00d3S<\/strong><\/span><\/p>\n<p><span style=\"font-size: 1.8rem; line-height: 1.75;\">Tot sovint penso que la meva inf\u00e0nciat\u00e9 una dol\u00e7a i secreta remor d&#8217;aigua.<\/span><\/p>\n<p><span style=\"font-size: 1.8rem; line-height: 1.75;\">Parlo de la verdor d&#8217;un delta immens;parlo dels vols dels ibis (milers d&#8217;ibiscom volves vives de la neu m\u00e9s blanca)i del flamenc rosat (de l&#8217;\u00edntim rosad&#8217;un pit de noia gaireb\u00e9 entrevist).<\/span><\/p>\n<p><span style=\"font-size: 1.8rem; line-height: 1.75;\">I parlo del coll-verd brunzint per l&#8217;airecom la pedra llan\u00e7ada per la fona,de l&#8217;anguila subtil com la serpent,la tenca platejada de les basses.Parlo del llarg silenci on es fonienl&#8217;aigua dol\u00e7a del riu, la mar amarga.<\/span><\/p>\n<p><span style=\"font-size: 1.8rem; line-height: 1.75;\">Parlo d&#8217;un riu entre canyars, dom\u00e8stic;parlo -Virgili amic- de l&#8217;horta ufana,dels tarongers florits i l&#8217;api tendre,de l&#8217;aixada i la fal\u00e7, del gos a l&#8217;era.(Lluny, pel cel clar, va un vol daurat de garses.)<\/span><\/p>\n<p><span style=\"font-size: 1.8rem; line-height: 1.75;\">Parlo d&#8217;un riu antic, solcat encarapels vells llaguts: els \u00faltims, llegendarisllaguts, tan afuats com una espasa,i carregats de vi, de llana, d&#8217;ordi,i amb mariners cantant sobre la popa.<\/span><\/p>\n<p><span style=\"font-size: 1.8rem; line-height: 1.75;\">Parlo d&#8217;un lent crepuscle que posavaor tremol\u00f3s a l&#8217;aigua amorosida,punts de llum a les ales dels insectes,solars reflectiments als ponts llunyans.Dol\u00e7a remor de l&#8217;aigua en el record.<\/span><\/p>\n<p><span style=\"font-size: 1.8rem; line-height: 1.75;\"><div class=\"su-youtube su-u-responsive-media-yes\"><iframe width=\"600\" height=\"400\" src=\"https:\/\/www.youtube.com\/embed\/JQu3AYhiBL0?\" frameborder=\"0\" allowfullscreen allow=\"autoplay; encrypted-media; picture-in-picture\" title=\"\"><\/iframe><\/div><\/span>","protected":false},"excerpt":{"rendered":"<p>Les Cases de Alcanar, conocidas como \u00abLas Casas\u00bb se emplaza en el litoral canareu, a 4 km de Alcanar. Les Cases d\u2019Alcanar es una de las villas marineras con m\u00e1s encanto de la Costa del Ebro, su fisonom\u00eda de aut\u00e9ntico pueblo marinero marcada por una fachada mar\u00edtima que conserva las antiguas casas de pescadores, junto&#8230; <\/p>\n<div class=\"link-more\"><a href=\"https:\/\/www.peixcasesalcanar.com\/es\/lo-poble\/\">Lea m\u00e1s<\/a><\/div>\n","protected":false},"author":3,"featured_media":0,"parent":0,"menu_order":0,"comment_status":"closed","ping_status":"closed","template":"","meta":{"_exactmetrics_skip_tracking":false,"_exactmetrics_sitenote_active":false,"_exactmetrics_sitenote_note":"","_exactmetrics_sitenote_category":0,"footnotes":""},"class_list":["post-102","page","type-page","status-publish","hentry"],"yoast_head":"<!-- This site is optimized with the Yoast SEO plugin v24.1 - https:\/\/yoast.com\/wordpress\/plugins\/seo\/ -->\n<title>El pueblo y el Delta - Peixateria les Cases d&#039;Alcanar<\/title>\n<meta name=\"robots\" content=\"index, follow, max-snippet:-1, max-image-preview:large, max-video-preview:-1\" \/>\n<link rel=\"canonical\" href=\"https:\/\/www.peixcasesalcanar.com\/lo-poble\/\" \/>\n<meta property=\"og:locale\" content=\"es_ES\" \/>\n<meta property=\"og:type\" content=\"article\" \/>\n<meta property=\"og:title\" content=\"El pueblo y el Delta - Peixateria les Cases d&#039;Alcanar\" \/>\n<meta property=\"og:description\" content=\"Les Cases de Alcanar, conocidas como \u00abLas Casas\u00bb se emplaza en el litoral canareu, a 4 km de Alcanar. Les Cases d\u2019Alcanar es una de las villas marineras con m\u00e1s encanto de la Costa del Ebro, su fisonom\u00eda de aut\u00e9ntico pueblo marinero marcada por una fachada mar\u00edtima que conserva las antiguas casas de pescadores, junto... Lea m\u00e1s\" \/>\n<meta property=\"og:url\" content=\"https:\/\/www.peixcasesalcanar.com\/lo-poble\/\" \/>\n<meta property=\"og:site_name\" content=\"Peixateria les Cases d&#039;Alcanar\" \/>\n<meta property=\"article:modified_time\" content=\"2024-12-27T16:14:17+00:00\" \/>\n<meta name=\"twitter:card\" content=\"summary_large_image\" \/>\n<meta name=\"twitter:label1\" content=\"Tiempo de lectura\" \/>\n\t<meta name=\"twitter:data1\" content=\"8 minutos\" \/>\n<script type=\"application\/ld+json\" class=\"yoast-schema-graph\">{\"@context\":\"https:\/\/schema.org\",\"@graph\":[{\"@type\":\"WebPage\",\"@id\":\"https:\/\/www.peixcasesalcanar.com\/lo-poble\/\",\"url\":\"https:\/\/www.peixcasesalcanar.com\/lo-poble\/\",\"name\":\"El pueblo y el Delta - Peixateria les Cases d&#039;Alcanar\",\"isPartOf\":{\"@id\":\"https:\/\/www.peixcasesalcanar.com\/#website\"},\"datePublished\":\"2016-06-19T17:05:16+00:00\",\"dateModified\":\"2024-12-27T16:14:17+00:00\",\"breadcrumb\":{\"@id\":\"https:\/\/www.peixcasesalcanar.com\/lo-poble\/#breadcrumb\"},\"inLanguage\":\"es\",\"potentialAction\":[{\"@type\":\"ReadAction\",\"target\":[\"https:\/\/www.peixcasesalcanar.com\/lo-poble\/\"]}]},{\"@type\":\"BreadcrumbList\",\"@id\":\"https:\/\/www.peixcasesalcanar.com\/lo-poble\/#breadcrumb\",\"itemListElement\":[{\"@type\":\"ListItem\",\"position\":1,\"name\":\"Inici\",\"item\":\"https:\/\/www.peixcasesalcanar.com\/\"},{\"@type\":\"ListItem\",\"position\":2,\"name\":\"[:ca]Cases d\u2019Alcanar, pesca i tradici\u00f3 del Delta de l\u2019Ebre[:es]El pueblo y el Delta[:en]The town and the Delta[:]\"}]},{\"@type\":\"WebSite\",\"@id\":\"https:\/\/www.peixcasesalcanar.com\/#website\",\"url\":\"https:\/\/www.peixcasesalcanar.com\/\",\"name\":\"Peixateria Cases d&#039;Alcanar\",\"description\":\"Tradici\u00f3 del sud\",\"publisher\":{\"@id\":\"https:\/\/www.peixcasesalcanar.com\/#organization\"},\"potentialAction\":[{\"@type\":\"SearchAction\",\"target\":{\"@type\":\"EntryPoint\",\"urlTemplate\":\"https:\/\/www.peixcasesalcanar.com\/?s={search_term_string}\"},\"query-input\":{\"@type\":\"PropertyValueSpecification\",\"valueRequired\":true,\"valueName\":\"search_term_string\"}}],\"inLanguage\":\"es\"},{\"@type\":\"Organization\",\"@id\":\"https:\/\/www.peixcasesalcanar.com\/#organization\",\"name\":\"Peixateria Cases d'Alcanar\",\"url\":\"https:\/\/www.peixcasesalcanar.com\/\",\"logo\":{\"@type\":\"ImageObject\",\"inLanguage\":\"es\",\"@id\":\"https:\/\/www.peixcasesalcanar.com\/#\/schema\/logo\/image\/\",\"url\":\"http:\/\/www.peixcasesalcanar.com\/wp-content\/uploads\/2019\/04\/Logo.jpg\",\"contentUrl\":\"http:\/\/www.peixcasesalcanar.com\/wp-content\/uploads\/2019\/04\/Logo.jpg\",\"width\":512,\"height\":512,\"caption\":\"Peixateria Cases d'Alcanar\"},\"image\":{\"@id\":\"https:\/\/www.peixcasesalcanar.com\/#\/schema\/logo\/image\/\"}}]}<\/script>\n<!-- \/ Yoast SEO plugin. -->","yoast_head_json":{"title":"El pueblo y el Delta - Peixateria les Cases d&#039;Alcanar","robots":{"index":"index","follow":"follow","max-snippet":"max-snippet:-1","max-image-preview":"max-image-preview:large","max-video-preview":"max-video-preview:-1"},"canonical":"https:\/\/www.peixcasesalcanar.com\/lo-poble\/","og_locale":"es_ES","og_type":"article","og_title":"El pueblo y el Delta - Peixateria les Cases d&#039;Alcanar","og_description":"Les Cases de Alcanar, conocidas como \u00abLas Casas\u00bb se emplaza en el litoral canareu, a 4 km de Alcanar. Les Cases d\u2019Alcanar es una de las villas marineras con m\u00e1s encanto de la Costa del Ebro, su fisonom\u00eda de aut\u00e9ntico pueblo marinero marcada por una fachada mar\u00edtima que conserva las antiguas casas de pescadores, junto... Lea m\u00e1s","og_url":"https:\/\/www.peixcasesalcanar.com\/lo-poble\/","og_site_name":"Peixateria les Cases d&#039;Alcanar","article_modified_time":"2024-12-27T16:14:17+00:00","twitter_card":"summary_large_image","twitter_misc":{"Tiempo de lectura":"8 minutos"},"schema":{"@context":"https:\/\/schema.org","@graph":[{"@type":"WebPage","@id":"https:\/\/www.peixcasesalcanar.com\/lo-poble\/","url":"https:\/\/www.peixcasesalcanar.com\/lo-poble\/","name":"El pueblo y el Delta - Peixateria les Cases d&#039;Alcanar","isPartOf":{"@id":"https:\/\/www.peixcasesalcanar.com\/#website"},"datePublished":"2016-06-19T17:05:16+00:00","dateModified":"2024-12-27T16:14:17+00:00","breadcrumb":{"@id":"https:\/\/www.peixcasesalcanar.com\/lo-poble\/#breadcrumb"},"inLanguage":"es","potentialAction":[{"@type":"ReadAction","target":["https:\/\/www.peixcasesalcanar.com\/lo-poble\/"]}]},{"@type":"BreadcrumbList","@id":"https:\/\/www.peixcasesalcanar.com\/lo-poble\/#breadcrumb","itemListElement":[{"@type":"ListItem","position":1,"name":"Inici","item":"https:\/\/www.peixcasesalcanar.com\/"},{"@type":"ListItem","position":2,"name":"[:ca]Cases d\u2019Alcanar, pesca i tradici\u00f3 del Delta de l\u2019Ebre[:es]El pueblo y el Delta[:en]The town and the Delta[:]"}]},{"@type":"WebSite","@id":"https:\/\/www.peixcasesalcanar.com\/#website","url":"https:\/\/www.peixcasesalcanar.com\/","name":"Peixateria Cases d&#039;Alcanar","description":"Tradici\u00f3 del sud","publisher":{"@id":"https:\/\/www.peixcasesalcanar.com\/#organization"},"potentialAction":[{"@type":"SearchAction","target":{"@type":"EntryPoint","urlTemplate":"https:\/\/www.peixcasesalcanar.com\/?s={search_term_string}"},"query-input":{"@type":"PropertyValueSpecification","valueRequired":true,"valueName":"search_term_string"}}],"inLanguage":"es"},{"@type":"Organization","@id":"https:\/\/www.peixcasesalcanar.com\/#organization","name":"Peixateria Cases d'Alcanar","url":"https:\/\/www.peixcasesalcanar.com\/","logo":{"@type":"ImageObject","inLanguage":"es","@id":"https:\/\/www.peixcasesalcanar.com\/#\/schema\/logo\/image\/","url":"http:\/\/www.peixcasesalcanar.com\/wp-content\/uploads\/2019\/04\/Logo.jpg","contentUrl":"http:\/\/www.peixcasesalcanar.com\/wp-content\/uploads\/2019\/04\/Logo.jpg","width":512,"height":512,"caption":"Peixateria Cases d'Alcanar"},"image":{"@id":"https:\/\/www.peixcasesalcanar.com\/#\/schema\/logo\/image\/"}}]}},"_links":{"self":[{"href":"https:\/\/www.peixcasesalcanar.com\/es\/wp-json\/wp\/v2\/pages\/102","targetHints":{"allow":["GET"]}}],"collection":[{"href":"https:\/\/www.peixcasesalcanar.com\/es\/wp-json\/wp\/v2\/pages"}],"about":[{"href":"https:\/\/www.peixcasesalcanar.com\/es\/wp-json\/wp\/v2\/types\/page"}],"author":[{"embeddable":true,"href":"https:\/\/www.peixcasesalcanar.com\/es\/wp-json\/wp\/v2\/users\/3"}],"replies":[{"embeddable":true,"href":"https:\/\/www.peixcasesalcanar.com\/es\/wp-json\/wp\/v2\/comments?post=102"}],"version-history":[{"count":27,"href":"https:\/\/www.peixcasesalcanar.com\/es\/wp-json\/wp\/v2\/pages\/102\/revisions"}],"predecessor-version":[{"id":482,"href":"https:\/\/www.peixcasesalcanar.com\/es\/wp-json\/wp\/v2\/pages\/102\/revisions\/482"}],"wp:attachment":[{"href":"https:\/\/www.peixcasesalcanar.com\/es\/wp-json\/wp\/v2\/media?parent=102"}],"curies":[{"name":"wp","href":"https:\/\/api.w.org\/{rel}","templated":true}]}}