{"id":106,"date":"2016-06-19T17:09:27","date_gmt":"2016-06-19T17:09:27","guid":{"rendered":"http:\/\/www.peixcasesalcanar.com\/?page_id=106"},"modified":"2024-12-27T16:01:10","modified_gmt":"2024-12-27T16:01:10","slug":"la-peixateria","status":"publish","type":"page","link":"https:\/\/www.peixcasesalcanar.com\/es\/","title":{"rendered":"La peixateria"},"content":{"rendered":"Som fruit de la uni\u00f3 entre la her\u00e8ncia d\u2019una fam\u00edlia de pescadors de les Cases d\u2019Alcanar i de tres barcelonines arraigades a la tradici\u00f3 familiar \u00a0dins del m\u00f3n de les peixateries, un espai de trobada i de proximitat amb l\u2019entorn m\u00e9s pr\u00f2xim, el barri.<\/p>\n<p>L\u2019Olga\u00a0i\u00a0la Berta vetllaran per tal de que el nostre principal objectiu pugui florir: aproximar els productes de la pesca i de la tradici\u00f3 Gourmet del Delta de l\u2019Ebre a totes les nostres llars.\u00a0Elles representen la part final i visible de tot un circuit tradicional i meticul\u00f3s\u00a0que s\u2019inicia de bon mat\u00ed a trav\u00e9s de les mans \u00a0dels pescadors i que acaba a la taula de les nostres\u00a0fam\u00edlies.<\/p>\n<p>PROXIMITAT, TRA\u00c7ABILITAT i\u00a0QUALITAT:\u00a0\u00a0s\u00f3n\u00a0els tres valors vertebradors del nostre dia a dia i que ens serveixen\u00a0de gu\u00eda per a poder assolir nivells d\u2019excel.l\u00e8ncia en els nostres productes i servei. \u00c9s la nostra ra\u00f3 de ser i la \u00fanica forma d\u2019entendre la nostra feina.<\/p>","protected":false},"excerpt":{"rendered":"<p>Som fruit de la uni\u00f3 entre la her\u00e8ncia d\u2019una fam\u00edlia de pescadors de les Cases d\u2019Alcanar i de tres barcelonines arraigades a la tradici\u00f3 familiar \u00a0dins del m\u00f3n de les peixateries, un espai de trobada i de proximitat amb l\u2019entorn m\u00e9s pr\u00f2xim, el barri. L\u2019Olga\u00a0i\u00a0la Berta vetllaran per tal de que el nostre principal objectiu&#8230; <\/p>\n<div class=\"link-more\"><a href=\"https:\/\/www.peixcasesalcanar.com\/es\/\">Lea m\u00e1s<\/a><\/div>\n","protected":false},"author":3,"featured_media":0,"parent":0,"menu_order":0,"comment_status":"closed","ping_status":"closed","template":"","meta":{"_exactmetrics_skip_tracking":false,"_exactmetrics_sitenote_active":false,"_exactmetrics_sitenote_note":"","_exactmetrics_sitenote_category":0,"footnotes":""},"class_list":["post-106","page","type-page","status-publish","hentry"],"yoast_head":"<!-- This site is optimized with the Yoast SEO plugin v24.1 - https:\/\/yoast.com\/wordpress\/plugins\/seo\/ -->\n<title>La peixateria - Peixateria les Cases d&#039;Alcanar<\/title>\n<meta name=\"robots\" content=\"index, follow, max-snippet:-1, max-image-preview:large, max-video-preview:-1\" \/>\n<link rel=\"canonical\" href=\"https:\/\/www.peixcasesalcanar.com\/\" \/>\n<meta property=\"og:locale\" content=\"es_ES\" \/>\n<meta property=\"og:type\" content=\"article\" \/>\n<meta property=\"og:title\" content=\"La peixateria - Peixateria les Cases d&#039;Alcanar\" \/>\n<meta property=\"og:description\" content=\"Som fruit de la uni\u00f3 entre la her\u00e8ncia d\u2019una fam\u00edlia de pescadors de les Cases d\u2019Alcanar i de tres barcelonines arraigades a la tradici\u00f3 familiar \u00a0dins del m\u00f3n de les peixateries, un espai de trobada i de proximitat amb l\u2019entorn m\u00e9s pr\u00f2xim, el barri. L\u2019Olga\u00a0i\u00a0la Berta vetllaran per tal de que el nostre principal objectiu... Lea m\u00e1s\" \/>\n<meta property=\"og:url\" content=\"https:\/\/www.peixcasesalcanar.com\/\" \/>\n<meta property=\"og:site_name\" content=\"Peixateria les Cases d&#039;Alcanar\" \/>\n<meta property=\"article:modified_time\" content=\"2024-12-27T16:01:10+00:00\" \/>\n<meta name=\"twitter:card\" content=\"summary_large_image\" \/>\n<meta name=\"twitter:label1\" content=\"Tiempo de lectura\" \/>\n\t<meta name=\"twitter:data1\" content=\"3 minutos\" \/>\n<script type=\"application\/ld+json\" class=\"yoast-schema-graph\">{\"@context\":\"https:\/\/schema.org\",\"@graph\":[{\"@type\":\"WebPage\",\"@id\":\"https:\/\/www.peixcasesalcanar.com\/\",\"url\":\"https:\/\/www.peixcasesalcanar.com\/\",\"name\":\"La peixateria - Peixateria les Cases d&#039;Alcanar\",\"isPartOf\":{\"@id\":\"https:\/\/www.peixcasesalcanar.com\/#website\"},\"datePublished\":\"2016-06-19T17:09:27+00:00\",\"dateModified\":\"2024-12-27T16:01:10+00:00\",\"breadcrumb\":{\"@id\":\"https:\/\/www.peixcasesalcanar.com\/#breadcrumb\"},\"inLanguage\":\"es\",\"potentialAction\":[{\"@type\":\"ReadAction\",\"target\":[\"https:\/\/www.peixcasesalcanar.com\/\"]}]},{\"@type\":\"BreadcrumbList\",\"@id\":\"https:\/\/www.peixcasesalcanar.com\/#breadcrumb\",\"itemListElement\":[{\"@type\":\"ListItem\",\"position\":1,\"name\":\"Inici\",\"item\":\"https:\/\/www.peixcasesalcanar.com\/\"},{\"@type\":\"ListItem\",\"position\":2,\"name\":\"La peixateria\"}]},{\"@type\":\"WebSite\",\"@id\":\"https:\/\/www.peixcasesalcanar.com\/#website\",\"url\":\"https:\/\/www.peixcasesalcanar.com\/\",\"name\":\"Peixateria Cases d&#039;Alcanar\",\"description\":\"Tradici\u00f3 del sud\",\"publisher\":{\"@id\":\"https:\/\/www.peixcasesalcanar.com\/#organization\"},\"potentialAction\":[{\"@type\":\"SearchAction\",\"target\":{\"@type\":\"EntryPoint\",\"urlTemplate\":\"https:\/\/www.peixcasesalcanar.com\/?s={search_term_string}\"},\"query-input\":{\"@type\":\"PropertyValueSpecification\",\"valueRequired\":true,\"valueName\":\"search_term_string\"}}],\"inLanguage\":\"es\"},{\"@type\":\"Organization\",\"@id\":\"https:\/\/www.peixcasesalcanar.com\/#organization\",\"name\":\"Peixateria Cases d'Alcanar\",\"url\":\"https:\/\/www.peixcasesalcanar.com\/\",\"logo\":{\"@type\":\"ImageObject\",\"inLanguage\":\"es\",\"@id\":\"https:\/\/www.peixcasesalcanar.com\/#\/schema\/logo\/image\/\",\"url\":\"http:\/\/www.peixcasesalcanar.com\/wp-content\/uploads\/2019\/04\/Logo.jpg\",\"contentUrl\":\"http:\/\/www.peixcasesalcanar.com\/wp-content\/uploads\/2019\/04\/Logo.jpg\",\"width\":512,\"height\":512,\"caption\":\"Peixateria Cases d'Alcanar\"},\"image\":{\"@id\":\"https:\/\/www.peixcasesalcanar.com\/#\/schema\/logo\/image\/\"}}]}<\/script>\n<!-- \/ Yoast SEO plugin. -->","yoast_head_json":{"title":"La peixateria - Peixateria les Cases d&#039;Alcanar","robots":{"index":"index","follow":"follow","max-snippet":"max-snippet:-1","max-image-preview":"max-image-preview:large","max-video-preview":"max-video-preview:-1"},"canonical":"https:\/\/www.peixcasesalcanar.com\/","og_locale":"es_ES","og_type":"article","og_title":"La peixateria - Peixateria les Cases d&#039;Alcanar","og_description":"Som fruit de la uni\u00f3 entre la her\u00e8ncia d\u2019una fam\u00edlia de pescadors de les Cases d\u2019Alcanar i de tres barcelonines arraigades a la tradici\u00f3 familiar \u00a0dins del m\u00f3n de les peixateries, un espai de trobada i de proximitat amb l\u2019entorn m\u00e9s pr\u00f2xim, el barri. L\u2019Olga\u00a0i\u00a0la Berta vetllaran per tal de que el nostre principal objectiu... Lea m\u00e1s","og_url":"https:\/\/www.peixcasesalcanar.com\/","og_site_name":"Peixateria les Cases d&#039;Alcanar","article_modified_time":"2024-12-27T16:01:10+00:00","twitter_card":"summary_large_image","twitter_misc":{"Tiempo de lectura":"3 minutos"},"schema":{"@context":"https:\/\/schema.org","@graph":[{"@type":"WebPage","@id":"https:\/\/www.peixcasesalcanar.com\/","url":"https:\/\/www.peixcasesalcanar.com\/","name":"La peixateria - Peixateria les Cases d&#039;Alcanar","isPartOf":{"@id":"https:\/\/www.peixcasesalcanar.com\/#website"},"datePublished":"2016-06-19T17:09:27+00:00","dateModified":"2024-12-27T16:01:10+00:00","breadcrumb":{"@id":"https:\/\/www.peixcasesalcanar.com\/#breadcrumb"},"inLanguage":"es","potentialAction":[{"@type":"ReadAction","target":["https:\/\/www.peixcasesalcanar.com\/"]}]},{"@type":"BreadcrumbList","@id":"https:\/\/www.peixcasesalcanar.com\/#breadcrumb","itemListElement":[{"@type":"ListItem","position":1,"name":"Inici","item":"https:\/\/www.peixcasesalcanar.com\/"},{"@type":"ListItem","position":2,"name":"La peixateria"}]},{"@type":"WebSite","@id":"https:\/\/www.peixcasesalcanar.com\/#website","url":"https:\/\/www.peixcasesalcanar.com\/","name":"Peixateria Cases d&#039;Alcanar","description":"Tradici\u00f3 del sud","publisher":{"@id":"https:\/\/www.peixcasesalcanar.com\/#organization"},"potentialAction":[{"@type":"SearchAction","target":{"@type":"EntryPoint","urlTemplate":"https:\/\/www.peixcasesalcanar.com\/?s={search_term_string}"},"query-input":{"@type":"PropertyValueSpecification","valueRequired":true,"valueName":"search_term_string"}}],"inLanguage":"es"},{"@type":"Organization","@id":"https:\/\/www.peixcasesalcanar.com\/#organization","name":"Peixateria Cases d'Alcanar","url":"https:\/\/www.peixcasesalcanar.com\/","logo":{"@type":"ImageObject","inLanguage":"es","@id":"https:\/\/www.peixcasesalcanar.com\/#\/schema\/logo\/image\/","url":"http:\/\/www.peixcasesalcanar.com\/wp-content\/uploads\/2019\/04\/Logo.jpg","contentUrl":"http:\/\/www.peixcasesalcanar.com\/wp-content\/uploads\/2019\/04\/Logo.jpg","width":512,"height":512,"caption":"Peixateria Cases d'Alcanar"},"image":{"@id":"https:\/\/www.peixcasesalcanar.com\/#\/schema\/logo\/image\/"}}]}},"_links":{"self":[{"href":"https:\/\/www.peixcasesalcanar.com\/es\/wp-json\/wp\/v2\/pages\/106","targetHints":{"allow":["GET"]}}],"collection":[{"href":"https:\/\/www.peixcasesalcanar.com\/es\/wp-json\/wp\/v2\/pages"}],"about":[{"href":"https:\/\/www.peixcasesalcanar.com\/es\/wp-json\/wp\/v2\/types\/page"}],"author":[{"embeddable":true,"href":"https:\/\/www.peixcasesalcanar.com\/es\/wp-json\/wp\/v2\/users\/3"}],"replies":[{"embeddable":true,"href":"https:\/\/www.peixcasesalcanar.com\/es\/wp-json\/wp\/v2\/comments?post=106"}],"version-history":[{"count":41,"href":"https:\/\/www.peixcasesalcanar.com\/es\/wp-json\/wp\/v2\/pages\/106\/revisions"}],"predecessor-version":[{"id":477,"href":"https:\/\/www.peixcasesalcanar.com\/es\/wp-json\/wp\/v2\/pages\/106\/revisions\/477"}],"wp:attachment":[{"href":"https:\/\/www.peixcasesalcanar.com\/es\/wp-json\/wp\/v2\/media?parent=106"}],"curies":[{"name":"wp","href":"https:\/\/api.w.org\/{rel}","templated":true}]}}